{"id":2262,"date":"2023-10-30T16:47:08","date_gmt":"2023-10-30T19:47:08","guid":{"rendered":"https:\/\/curitibaoff.com.br\/Cal\/?page_id=2262"},"modified":"2024-03-12T16:29:27","modified_gmt":"2024-03-12T19:29:27","slug":"empresa","status":"publish","type":"page","link":"https:\/\/www.calourobranco.com.br\/?page_id=2262","title":{"rendered":"Empresa"},"content":{"rendered":"\t\t<div data-elementor-type=\"wp-page\" data-elementor-id=\"2262\" class=\"elementor elementor-2262\">\n\t\t\t\t\t\t<section class=\"elementor-section elementor-top-section elementor-element elementor-element-ccb03cf elementor-section-stretched elementor-section-full_width elementor-section-height-default elementor-section-height-default\" data-id=\"ccb03cf\" data-element_type=\"section\" data-e-type=\"section\" data-settings=\"{&quot;stretch_section&quot;:&quot;section-stretched&quot;,&quot;background_background&quot;:&quot;classic&quot;}\">\n\t\t\t\t\t\t<div class=\"elementor-container elementor-column-gap-default\">\n\t\t\t\t\t<div class=\"elementor-column elementor-col-100 elementor-top-column elementor-element elementor-element-4c95cbe\" data-id=\"4c95cbe\" data-element_type=\"column\" data-e-type=\"column\">\n\t\t\t<div class=\"elementor-widget-wrap elementor-element-populated\">\n\t\t\t\t\t\t<div class=\"elementor-element elementor-element-c1d7ee8 elementor-widget elementor-widget-spacer\" data-id=\"c1d7ee8\" data-element_type=\"widget\" data-e-type=\"widget\" data-widget_type=\"spacer.default\">\n\t\t\t\t<div class=\"elementor-widget-container\">\n\t\t\t\t\t\t\t<div class=\"elementor-spacer\">\n\t\t\t<div class=\"elementor-spacer-inner\"><\/div>\n\t\t<\/div>\n\t\t\t\t\t\t<\/div>\n\t\t\t\t<\/div>\n\t\t\t\t<div class=\"elementor-element elementor-element-c6d4f83 elementor-widget elementor-widget-heading\" data-id=\"c6d4f83\" data-element_type=\"widget\" data-e-type=\"widget\" data-widget_type=\"heading.default\">\n\t\t\t\t<div class=\"elementor-widget-container\">\n\t\t\t\t\t<h2 class=\"elementor-heading-title elementor-size-default\">H\u00e1 48 ANOS<\/h2>\t\t\t\t<\/div>\n\t\t\t\t<\/div>\n\t\t\t\t<div class=\"elementor-element elementor-element-9514274 elementor-widget elementor-widget-heading\" data-id=\"9514274\" data-element_type=\"widget\" data-e-type=\"widget\" data-widget_type=\"heading.default\">\n\t\t\t\t<div class=\"elementor-widget-container\">\n\t\t\t\t\t<h5 class=\"elementor-heading-title elementor-size-default\">Garantindo a satisfa\u00e7\u00e3o de nossos clientes.<\/h5>\t\t\t\t<\/div>\n\t\t\t\t<\/div>\n\t\t\t\t<div class=\"elementor-element elementor-element-98f34a6 elementor-widget elementor-widget-spacer\" data-id=\"98f34a6\" data-element_type=\"widget\" data-e-type=\"widget\" data-widget_type=\"spacer.default\">\n\t\t\t\t<div class=\"elementor-widget-container\">\n\t\t\t\t\t\t\t<div class=\"elementor-spacer\">\n\t\t\t<div class=\"elementor-spacer-inner\"><\/div>\n\t\t<\/div>\n\t\t\t\t\t\t<\/div>\n\t\t\t\t<\/div>\n\t\t\t\t<div class=\"elementor-element elementor-element-6bbe9dc align-center elementor-widget elementor-widget-mae-headings\" data-id=\"6bbe9dc\" data-element_type=\"widget\" data-e-type=\"widget\" data-widget_type=\"mae-headings.default\">\n\t\t\t\t<div class=\"elementor-widget-container\">\n\t\t\t\t\t\t\t<div class=\"master-heading\">\n\t        \t            <div class=\"pre-heading\">QUEM SOMOS<\/div>\n\t        \n\t        \t        <h2 class=\"main-heading\">CAL OURO BRANCO<\/h2>\n\t        \n\t        \n\t        \t            <div class=\"sub-heading\">Atuando no mercado de cal dede 1976, a Cal Ouro Branco oferece a seus consumidores o melhor em Cal e Calc\u00e1rio.<\/br><\/br>\n\nPensando em criar produtos de excelente qualidade e garantir a total satisfa\u00e7\u00e3o do seu cliente final, a Cal Ouro Branco utiliza de tecnologias modernas e avan\u00e7adas para a prepara\u00e7\u00e3o de seus produtos. Al\u00e9m de contar com uma grade de profissionais qualificados e treinados, aptos para criar o melhor e mais variado cal do mercado.<\/br>\n<\/br>\nA Cal Ouro Branco preocupa-se em atender a todos os seus clientes, por isso buscar estar sempre criando produtos que satisfa\u00e7am o cliente final, mais exigente.<\/br><\/br>\n\nCom a ind\u00fastria localizada na regi\u00e3o de Colombo-PR, a Cal Ouro Branco atende a todo o Brasil. Ent\u00e3o n\u00e3o perca mais tempo e pe\u00e7a agora mesmo o melhor cal do mercado.<\/div>\n\t        \t    <\/div>\n\t    \t\t\t\t<\/div>\n\t\t\t\t<\/div>\n\t\t\t\t<div class=\"elementor-element elementor-element-56e029c elementor-widget elementor-widget-spacer\" data-id=\"56e029c\" data-element_type=\"widget\" data-e-type=\"widget\" data-widget_type=\"spacer.default\">\n\t\t\t\t<div class=\"elementor-widget-container\">\n\t\t\t\t\t\t\t<div class=\"elementor-spacer\">\n\t\t\t<div class=\"elementor-spacer-inner\"><\/div>\n\t\t<\/div>\n\t\t\t\t\t\t<\/div>\n\t\t\t\t<\/div>\n\t\t\t\t<section class=\"elementor-section elementor-inner-section elementor-element elementor-element-5e011f5 elementor-section-boxed elementor-section-height-default elementor-section-height-default\" data-id=\"5e011f5\" data-element_type=\"section\" data-e-type=\"section\">\n\t\t\t\t\t\t<div class=\"elementor-container elementor-column-gap-extended\">\n\t\t\t\t\t<div class=\"elementor-column elementor-col-50 elementor-inner-column elementor-element elementor-element-86ef1c8\" data-id=\"86ef1c8\" data-element_type=\"column\" data-e-type=\"column\">\n\t\t\t<div class=\"elementor-widget-wrap elementor-element-populated\">\n\t\t\t\t\t\t<div class=\"elementor-element elementor-element-82247d0 align-left elementor-widget elementor-widget-mae-headings\" data-id=\"82247d0\" data-element_type=\"widget\" data-e-type=\"widget\" data-widget_type=\"mae-headings.default\">\n\t\t\t\t<div class=\"elementor-widget-container\">\n\t\t\t\t\t\t\t<div class=\"master-heading\">\n\t        \n\t        \t        <h2 class=\"main-heading\">Nossos Produtos<\/h2>\n\t        \n\t        \t        <div class=\"divider\"><\/div>\n\t        \n\t        \t            <div class=\"sub-heading\">A Cal Ouro Branco oferece produtos da melhor qualidade, que atendem as demandas do mercado.<\/div>\n\t        \t    <\/div>\n\t    \t\t\t\t<\/div>\n\t\t\t\t<\/div>\n\t\t\t\t<div class=\"elementor-element elementor-element-323bf06 elementor-widget elementor-widget-spacer\" data-id=\"323bf06\" data-element_type=\"widget\" data-e-type=\"widget\" data-widget_type=\"spacer.default\">\n\t\t\t\t<div class=\"elementor-widget-container\">\n\t\t\t\t\t\t\t<div class=\"elementor-spacer\">\n\t\t\t<div class=\"elementor-spacer-inner\"><\/div>\n\t\t<\/div>\n\t\t\t\t\t\t<\/div>\n\t\t\t\t<\/div>\n\t\t\t\t<div class=\"elementor-element elementor-element-69d10bc elementor-widget elementor-widget-mae-list\" data-id=\"69d10bc\" data-element_type=\"widget\" data-e-type=\"widget\" data-widget_type=\"mae-list.default\">\n\t\t\t\t<div class=\"elementor-widget-container\">\n\t\t\t\t\t\n\t\t<div class=\"master-list align-left\">\n\t\t\t<div class=\"inner\">\n\t\t        <div class=\"icon-wrap\">\n\t\t\t        \t\t\t        \t<i class=\"fas fa-check-circle\"><\/i>\n\t\t\t        \t\t\t\t    \t\t        <\/div> \n\n\t\t        <div class=\"content-wrap\">\n\t\t            Cal Hidratada CHIII - 20 kg\t\t        <\/div>\n\t\t    <\/div>\n\t    <\/div>\n\n\t    \t\t\t\t<\/div>\n\t\t\t\t<\/div>\n\t\t\t\t<div class=\"elementor-element elementor-element-de83d54 elementor-widget elementor-widget-mae-list\" data-id=\"de83d54\" data-element_type=\"widget\" data-e-type=\"widget\" data-widget_type=\"mae-list.default\">\n\t\t\t\t<div class=\"elementor-widget-container\">\n\t\t\t\t\t\n\t\t<div class=\"master-list align-left\">\n\t\t\t<div class=\"inner\">\n\t\t        <div class=\"icon-wrap\">\n\t\t\t        \t\t\t        \t<i class=\"fas fa-check-circle\"><\/i>\n\t\t\t        \t\t\t\t    \t\t        <\/div> \n\n\t\t        <div class=\"content-wrap\">\n\t\t            Cal Pintura Ouro Branco\t\t        <\/div>\n\t\t    <\/div>\n\t    <\/div>\n\n\t    \t\t\t\t<\/div>\n\t\t\t\t<\/div>\n\t\t\t\t<div class=\"elementor-element elementor-element-385366d elementor-widget elementor-widget-mae-list\" data-id=\"385366d\" data-element_type=\"widget\" data-e-type=\"widget\" data-widget_type=\"mae-list.default\">\n\t\t\t\t<div class=\"elementor-widget-container\">\n\t\t\t\t\t\n\t\t<div class=\"master-list align-left\">\n\t\t\t<div class=\"inner\">\n\t\t        <div class=\"icon-wrap\">\n\t\t\t        \t\t\t        \t<i class=\"fas fa-check-circle\"><\/i>\n\t\t\t        \t\t\t\t    \t\t        <\/div> \n\n\t\t        <div class=\"content-wrap\">\n\t\t            Cal Pintura Pluma\t\t        <\/div>\n\t\t    <\/div>\n\t    <\/div>\n\n\t    \t\t\t\t<\/div>\n\t\t\t\t<\/div>\n\t\t\t\t<div class=\"elementor-element elementor-element-9cee2a9 elementor-widget elementor-widget-mae-list\" data-id=\"9cee2a9\" data-element_type=\"widget\" data-e-type=\"widget\" data-widget_type=\"mae-list.default\">\n\t\t\t\t<div class=\"elementor-widget-container\">\n\t\t\t\t\t\n\t\t<div class=\"master-list align-left\">\n\t\t\t<div class=\"inner\">\n\t\t        <div class=\"icon-wrap\">\n\t\t\t        \t\t\t        \t<i class=\"fas fa-check-circle\"><\/i>\n\t\t\t        \t\t\t\t    \t\t        <\/div> \n\n\t\t        <div class=\"content-wrap\">\n\t\t            Cal Virgem\t\t        <\/div>\n\t\t    <\/div>\n\t    <\/div>\n\n\t    \t\t\t\t<\/div>\n\t\t\t\t<\/div>\n\t\t\t\t<div class=\"elementor-element elementor-element-264b5d9 elementor-widget elementor-widget-mae-list\" data-id=\"264b5d9\" data-element_type=\"widget\" data-e-type=\"widget\" data-widget_type=\"mae-list.default\">\n\t\t\t\t<div class=\"elementor-widget-container\">\n\t\t\t\t\t\n\t\t<div class=\"master-list align-left\">\n\t\t\t<div class=\"inner\">\n\t\t        <div class=\"icon-wrap\">\n\t\t\t        \t\t\t        \t<i class=\"fas fa-check-circle\"><\/i>\n\t\t\t        \t\t\t\t    \t\t        <\/div> \n\n\t\t        <div class=\"content-wrap\">\n\t\t            Calc\u00e1rio\t\t        <\/div>\n\t\t    <\/div>\n\t    <\/div>\n\n\t    \t\t\t\t<\/div>\n\t\t\t\t<\/div>\n\t\t\t\t<div class=\"elementor-element elementor-element-1b325d9 elementor-widget elementor-widget-spacer\" data-id=\"1b325d9\" data-element_type=\"widget\" data-e-type=\"widget\" data-widget_type=\"spacer.default\">\n\t\t\t\t<div class=\"elementor-widget-container\">\n\t\t\t\t\t\t\t<div class=\"elementor-spacer\">\n\t\t\t<div class=\"elementor-spacer-inner\"><\/div>\n\t\t<\/div>\n\t\t\t\t\t\t<\/div>\n\t\t\t\t<\/div>\n\t\t\t\t<div class=\"elementor-element elementor-element-39980f8 align-left elementor-widget elementor-widget-mae-button\" data-id=\"39980f8\" data-element_type=\"widget\" data-e-type=\"widget\" data-widget_type=\"mae-button.default\">\n\t\t\t\t<div class=\"elementor-widget-container\">\n\t\t\t\t\t\n        <a class=\"master-button btn-accent icon-none big\" href=\"http:\/\/www.calourobranco.com.br\/produtos\/\" >\n                        <span>Conhe\u00e7a nossos Produtos<\/span>\n                    <\/a>\n\n        \t\t\t\t<\/div>\n\t\t\t\t<\/div>\n\t\t\t\t\t<\/div>\n\t\t<\/div>\n\t\t\t\t<div class=\"elementor-column elementor-col-50 elementor-inner-column elementor-element elementor-element-d02567d\" data-id=\"d02567d\" data-element_type=\"column\" data-e-type=\"column\">\n\t\t\t<div class=\"elementor-widget-wrap elementor-element-populated\">\n\t\t\t\t\t\t<div class=\"elementor-element elementor-element-4a0bbd0 elementor-widget__width-initial elementor-widget elementor-widget-mae-fancy-image\" data-id=\"4a0bbd0\" data-element_type=\"widget\" data-e-type=\"widget\" data-widget_type=\"mae-fancy-image.default\">\n\t\t\t\t<div class=\"elementor-widget-container\">\n\t\t\t\t\t\t\t\t<div class=\"master-fancy-image bg-top bg-left\" data-in-viewport=\"true\">\n\t\t\t\t<div class=\"master-fancy-image-inner\">\n\t\t\t\t\t<span class=\"master-fancy-image-bg\"><\/span>\n\n\t\t\t\t\t<div class=\"master-fancy-image-holder\">\n\t\t\t\t\t\t<img fetchpriority=\"high\" decoding=\"async\" width=\"1368\" height=\"770\" src=\"https:\/\/www.calourobranco.com.br\/wp-content\/uploads\/2023\/10\/FABRICA-CAL-OURO-BRANCO.jpeg\" class=\"attachment-full size-full wp-image-2770\" alt=\"\" srcset=\"https:\/\/www.calourobranco.com.br\/wp-content\/uploads\/2023\/10\/FABRICA-CAL-OURO-BRANCO.jpeg 1368w, https:\/\/www.calourobranco.com.br\/wp-content\/uploads\/2023\/10\/FABRICA-CAL-OURO-BRANCO-300x169.jpeg 300w, https:\/\/www.calourobranco.com.br\/wp-content\/uploads\/2023\/10\/FABRICA-CAL-OURO-BRANCO-1024x576.jpeg 1024w, https:\/\/www.calourobranco.com.br\/wp-content\/uploads\/2023\/10\/FABRICA-CAL-OURO-BRANCO-768x432.jpeg 768w\" sizes=\"(max-width: 1368px) 100vw, 1368px\" \/>\n\t\t\t\t        \t\t\t\t\t<\/div>\n\t\t\t\t<\/div>\n\t\t    <\/div>\n\n\t    \t\t\t\t<\/div>\n\t\t\t\t<\/div>\n\t\t\t\t\t<\/div>\n\t\t<\/div>\n\t\t\t\t\t<\/div>\n\t\t<\/section>\n\t\t\t\t<div class=\"elementor-element elementor-element-c1ef4cb elementor-widget elementor-widget-spacer\" data-id=\"c1ef4cb\" data-element_type=\"widget\" data-e-type=\"widget\" data-widget_type=\"spacer.default\">\n\t\t\t\t<div class=\"elementor-widget-container\">\n\t\t\t\t\t\t\t<div class=\"elementor-spacer\">\n\t\t\t<div class=\"elementor-spacer-inner\"><\/div>\n\t\t<\/div>\n\t\t\t\t\t\t<\/div>\n\t\t\t\t<\/div>\n\t\t\t\t\t<\/div>\n\t\t<\/div>\n\t\t\t\t\t<\/div>\n\t\t<\/section>\n\t\t\t\t<\/div>\n\t\t","protected":false},"excerpt":{"rendered":"<p>H\u00e1 48 ANOS Garantindo a satisfa\u00e7\u00e3o de nossos clientes. QUEM SOMOS CAL OURO BRANCO Atuando no mercado de cal dede 1976, a Cal Ouro Branco oferece a seus consumidores o melhor em Cal e Calc\u00e1rio. Pensando em criar produtos de excelente qualidade e garantir a total satisfa\u00e7\u00e3o<\/p>\n","protected":false},"author":1,"featured_media":0,"parent":0,"menu_order":0,"comment_status":"closed","ping_status":"closed","template":"elementor_header_footer","meta":{"footnotes":""},"class_list":["post-2262","page","type-page","status-publish","hentry"],"aioseo_notices":[],"_links":{"self":[{"href":"https:\/\/www.calourobranco.com.br\/index.php?rest_route=\/wp\/v2\/pages\/2262","targetHints":{"allow":["GET"]}}],"collection":[{"href":"https:\/\/www.calourobranco.com.br\/index.php?rest_route=\/wp\/v2\/pages"}],"about":[{"href":"https:\/\/www.calourobranco.com.br\/index.php?rest_route=\/wp\/v2\/types\/page"}],"author":[{"embeddable":true,"href":"https:\/\/www.calourobranco.com.br\/index.php?rest_route=\/wp\/v2\/users\/1"}],"replies":[{"embeddable":true,"href":"https:\/\/www.calourobranco.com.br\/index.php?rest_route=%2Fwp%2Fv2%2Fcomments&post=2262"}],"version-history":[{"count":61,"href":"https:\/\/www.calourobranco.com.br\/index.php?rest_route=\/wp\/v2\/pages\/2262\/revisions"}],"predecessor-version":[{"id":2773,"href":"https:\/\/www.calourobranco.com.br\/index.php?rest_route=\/wp\/v2\/pages\/2262\/revisions\/2773"}],"wp:attachment":[{"href":"https:\/\/www.calourobranco.com.br\/index.php?rest_route=%2Fwp%2Fv2%2Fmedia&parent=2262"}],"curies":[{"name":"wp","href":"https:\/\/api.w.org\/{rel}","templated":true}]}}